{"id":1114,"date":"2021-05-26T09:31:44","date_gmt":"2021-05-26T07:31:44","guid":{"rendered":"https:\/\/cabanes-de-provence.com\/?page_id=1114"},"modified":"2021-10-04T10:38:27","modified_gmt":"2021-10-04T08:38:27","slug":"le-cabanon-en-pierre","status":"publish","type":"page","link":"https:\/\/cabanes-de-provence.com\/es\/accueil\/le-cabanon-en-pierre\/","title":{"rendered":"La Cabanon des Secrets"},"content":{"rendered":"<p>Situado entre el Luberon y el Mont Ventoux, en uno de los pueblos m\u00e1s bonitos del Vaucluse, el Cabanon des Secrets le encantar\u00e1 con su encanto aut\u00e9ntico y su jard\u00edn en terrazas con los colores de la Provenza.<\/p>\n\n\n\n<div class=\"wp-block-buttons is-layout-flex wp-block-buttons-is-layout-flex\">\n<div class=\"wp-block-button\"><a class=\"wp-block-button__link\" href=\"https:\/\/cabanes-de-provence.com\/es\/alojamiento\/la-cabana-secreta\/\">DESCUBRE LA CABA\u00d1A<\/a><\/div>\n<\/div>\n\n\n\n<p><\/p>","protected":false},"excerpt":{"rendered":"<p>Situado entre el Luberon y el Mont Ventoux, en uno de los pueblos m\u00e1s bonitos del Vaucluse, el Cabanon des Secrets le encantar\u00e1 con su encanto aut\u00e9ntico y su jard\u00edn en terrazas con los colores de la Provenza.<\/p>","protected":false},"author":1,"featured_media":1298,"parent":1028,"menu_order":0,"comment_status":"closed","ping_status":"closed","template":"","meta":{"inline_featured_image":false,"footnotes":""},"class_list":["post-1114","page","type-page","status-publish","has-post-thumbnail","hentry"],"jetpack_sharing_enabled":true,"_links":{"self":[{"href":"https:\/\/cabanes-de-provence.com\/es\/wp-json\/wp\/v2\/pages\/1114","targetHints":{"allow":["GET"]}}],"collection":[{"href":"https:\/\/cabanes-de-provence.com\/es\/wp-json\/wp\/v2\/pages"}],"about":[{"href":"https:\/\/cabanes-de-provence.com\/es\/wp-json\/wp\/v2\/types\/page"}],"author":[{"embeddable":true,"href":"https:\/\/cabanes-de-provence.com\/es\/wp-json\/wp\/v2\/users\/1"}],"replies":[{"embeddable":true,"href":"https:\/\/cabanes-de-provence.com\/es\/wp-json\/wp\/v2\/comments?post=1114"}],"version-history":[{"count":0,"href":"https:\/\/cabanes-de-provence.com\/es\/wp-json\/wp\/v2\/pages\/1114\/revisions"}],"up":[{"embeddable":true,"href":"https:\/\/cabanes-de-provence.com\/es\/wp-json\/wp\/v2\/pages\/1028"}],"wp:featuredmedia":[{"embeddable":true,"href":"https:\/\/cabanes-de-provence.com\/es\/wp-json\/wp\/v2\/media\/1298"}],"wp:attachment":[{"href":"https:\/\/cabanes-de-provence.com\/es\/wp-json\/wp\/v2\/media?parent=1114"}],"curies":[{"name":"wp","href":"https:\/\/api.w.org\/{rel}","templated":true}]}}