{"id":1364,"date":"2021-07-21T12:09:34","date_gmt":"2021-07-21T10:09:34","guid":{"rendered":"https:\/\/cabanes-de-provence.com\/conditions-generales\/"},"modified":"2021-10-05T10:17:40","modified_gmt":"2021-10-05T08:17:40","slug":"termos-e-condicoes-gerais","status":"publish","type":"page","link":"https:\/\/cabanes-de-provence.com\/pt\/conditions-generales\/","title":{"rendered":"Termos e condi\u00e7\u00f5es gerais"},"content":{"rendered":"<h2 class=\"wp-block-heading\">Regulamento interno e condi\u00e7\u00f5es de reserva e cancelamento<\/h2>\n\n\n\n<p>A reserva ser\u00e1 efetivada e finalizada ap\u00f3s o recebimento do pagamento integral.<\/p>\n\n\n\n<h4 class=\"wp-block-heading\">M\u00e9todos de pagamento<\/h4>\n\n\n\n<p>Cart\u00e3o de cr\u00e9dito, transfer\u00eancia banc\u00e1ria, cheque ou dinheiro.<\/p>\n\n\n\n<h4 class=\"wp-block-heading\">Taxa tur\u00edstica<\/h4>\n\n\n\n<p>Os pre\u00e7os apresentados incluem a taxa tur\u00edstica.<\/p>\n\n\n\n<h4 class=\"wp-block-heading\">Cancelamento<\/h4>\n\n\n\n<p>Condi\u00e7\u00f5es rigorosas de cancelamento:<\/p>\n\n\n\n<ul class=\"wp-block-list\"><li>Reembolso integral para cancelamentos feitos em at\u00e9 48 horas ap\u00f3s a reserva, se a data de chegada for em 14 dias ou mais.<br><\/li><li>Reembolso de at\u00e9 50% para cancelamentos feitos com pelo menos 7 dias de anteced\u00eancia da data de chegada.<br><\/li><li>N\u00e3o haver\u00e1 reembolso para cancelamentos feitos dentro de 7 dias da data de chegada.<\/li><\/ul>\n\n\n\n<h4 class=\"wp-block-heading\">Dep\u00f3sito de seguran\u00e7a\/cau\u00e7\u00e3o<\/h4>\n\n\n\n<p>\u00c9 exigido um dep\u00f3sito de seguran\u00e7a de 400 euros para cobrir eventuais danos, o qual ser\u00e1 reembolsado no final da sua estadia, caso tudo esteja em ordem.<br>Em caso de danos, teremos o direito de cobrar o valor dos mesmos.<\/p>\n\n\n\n<h4 class=\"wp-block-heading\">Condi\u00e7\u00f5es gerais de aluguel<\/h4>\n\n\n\n<p><strong>Chegada e partida<\/strong><br>O acesso \u00e0s acomoda\u00e7\u00f5es \u00e9 permitido a partir das 15h. Elas devem ser desocupadas at\u00e9 o final desse per\u00edodo.<br>\u00c0s 11h da manh\u00e3 do dia da partida.<\/p>\n\n\n\n<p><strong>Utiliza\u00e7\u00e3o das instala\u00e7\u00f5es<\/strong><br>Os clientes ser\u00e3o respons\u00e1veis por manter o ambiente tranquilo das instala\u00e7\u00f5es.<br>Os ve\u00edculos ser\u00e3o estacionados em um estacionamento privado pr\u00f3ximo.&nbsp;<\/p>\n\n\n\n<p><strong>Animais<\/strong><br>Animais n\u00e3o s\u00e3o permitidos.<\/p>\n\n\n\n<p><strong>Instru\u00e7\u00f5es de seguran\u00e7a<\/strong><br>As cabines foram constru\u00eddas pela empresa NID-PERCHE\u00ae, uma empresa<br>Especializados, eles atendem aos padr\u00f5es DTU 31.2 NF P 21-204.<br>S\u00e3o facilmente acess\u00edveis por escadas.<br>Os parapeitos dos terra\u00e7os t\u00eam alturas regulamentadas.<br>As cabines est\u00e3o equipadas com extintores de inc\u00eandio e detectores de fuma\u00e7a.<br>As crian\u00e7as s\u00e3o de inteira responsabilidade dos pais. Les Cabanes de Provence se exime de toda e qualquer responsabilidade em caso de acidentes nas cabanas, no galp\u00e3o e nas \u00e1reas externas.<\/p>\n\n\n\n<p>\u00c9 proibido fumar dentro das cabanas, assim como acender velas (exceto em casos espec\u00edficos) e outros materiais combust\u00edveis (fog\u00f5es, lampi\u00f5es a querosene, churrasqueiras, etc.). O consumo de \u00e1lcool nas depend\u00eancias \u00e9 de inteira responsabilidade do locat\u00e1rio.<\/p>\n\n\n\n<p><strong>Regras da vida<\/strong><br>N\u00e3o s\u00e3o permitidas festas ou aglomera\u00e7\u00f5es. Os sapatos devem ser retirados dentro das cabanas. Quaisquer danos ao equipamento ser\u00e3o de responsabilidade do locat\u00e1rio ap\u00f3s inspe\u00e7\u00e3o no momento do check-out. Uma verifica\u00e7\u00e3o de conformidade ser\u00e1 realizada durante o check-in. N\u00e3o utilize a chapa na varanda.<\/p>\n\n\n\n<p><strong>O SPA<\/strong><br>O uso da banheira de hidromassagem n\u00e3o \u00e9 recomendado para crian\u00e7as menores de 5 anos. Os propriet\u00e1rios se isentam de qualquer responsabilidade em caso de acidente. \u00c9 obrigat\u00f3rio tomar banho antes de usar a banheira. N\u00e3o \u00e9 permitido comer dentro da banheira.&nbsp; &nbsp;&nbsp;<\/p>\n\n\n\n<p><strong>A sauna<\/strong><br>A sauna \u00e9 proibida para crian\u00e7as.<\/p>\n\n\n\n<p><strong>Roupa de cama<\/strong><br>A roupa de cama e as toalhas s\u00e3o fornecidas.<br>Como as colchas e cortinas s\u00e3o de alta qualidade, qualquer dano ou sujidade resultar\u00e1 em compensa\u00e7\u00e3o (custo da lavagem a seco).<\/p>\n\n\n\n<p><strong>Aceita\u00e7\u00e3o do regulamento interno<\/strong><br>Ao reservar uma de nossas cabanas ou o cabanon, voc\u00ea concorda com estas regras.<\/p>","protected":false},"excerpt":{"rendered":"<p>R\u00e8glement int\u00e9rieur et conditions de r\u00e9servation et d&rsquo;annulation La r\u00e9servation deviendra effective et d\u00e9finitive apr\u00e8s encaissement de la totalit\u00e9 du r\u00e8glement. Modes de r\u00e8glement Carte bancaire, virement, ch\u00e8que ou esp\u00e8ces. Taxe de s\u00e9jour Les tarifs indiqu\u00e9s incluent la taxe de s\u00e9jour. Annulation Conditions d&rsquo;annulation stricte : Remboursement int\u00e9gral pour les annulations effectu\u00e9es dans les 48 [&hellip;]<\/p>\n","protected":false},"author":1,"featured_media":0,"parent":0,"menu_order":0,"comment_status":"closed","ping_status":"closed","template":"","meta":{"inline_featured_image":false,"footnotes":""},"class_list":["post-1364","page","type-page","status-publish","hentry"],"jetpack_sharing_enabled":true,"_links":{"self":[{"href":"https:\/\/cabanes-de-provence.com\/pt\/wp-json\/wp\/v2\/pages\/1364","targetHints":{"allow":["GET"]}}],"collection":[{"href":"https:\/\/cabanes-de-provence.com\/pt\/wp-json\/wp\/v2\/pages"}],"about":[{"href":"https:\/\/cabanes-de-provence.com\/pt\/wp-json\/wp\/v2\/types\/page"}],"author":[{"embeddable":true,"href":"https:\/\/cabanes-de-provence.com\/pt\/wp-json\/wp\/v2\/users\/1"}],"replies":[{"embeddable":true,"href":"https:\/\/cabanes-de-provence.com\/pt\/wp-json\/wp\/v2\/comments?post=1364"}],"version-history":[{"count":0,"href":"https:\/\/cabanes-de-provence.com\/pt\/wp-json\/wp\/v2\/pages\/1364\/revisions"}],"wp:attachment":[{"href":"https:\/\/cabanes-de-provence.com\/pt\/wp-json\/wp\/v2\/media?parent=1364"}],"curies":[{"name":"wp","href":"https:\/\/api.w.org\/{rel}","templated":true}]}}