{"id":1394,"date":"2021-07-21T12:58:05","date_gmt":"2021-07-21T10:58:05","guid":{"rendered":"https:\/\/cabanes-de-provence.com\/products\/"},"modified":"2024-12-13T11:55:32","modified_gmt":"2024-12-13T10:55:32","slug":"comprar","status":"publish","type":"page","link":"https:\/\/cabanes-de-provence.com\/pt\/boutique\/","title":{"rendered":"A loja: nossos cart\u00f5es-presente"},"content":{"rendered":"<p style=\"text-align: center;\"><img decoding=\"async\" class=\"aligncenter wp-image-10285 size-full\" src=\"https:\/\/cabanes-de-provence.com\/wp-content\/uploads\/2024\/12\/Gift_card_Cabanes_boutique.png\" alt=\"Cart\u00f5es-presente - Les Cabanes de Provence\" width=\"1320\" height=\"440\" srcset=\"https:\/\/cabanes-de-provence.com\/wp-content\/uploads\/2024\/12\/Gift_card_Cabanes_boutique.png 1320w, https:\/\/cabanes-de-provence.com\/wp-content\/uploads\/2024\/12\/Gift_card_Cabanes_boutique-300x100.png 300w, https:\/\/cabanes-de-provence.com\/wp-content\/uploads\/2024\/12\/Gift_card_Cabanes_boutique-768x256.png 768w, https:\/\/cabanes-de-provence.com\/wp-content\/uploads\/2024\/12\/Gift_card_Cabanes_boutique-18x6.png 18w, https:\/\/cabanes-de-provence.com\/wp-content\/uploads\/2024\/12\/Gift_card_Cabanes_boutique-1170x390.png 1170w\" sizes=\"(max-width: 1320px) 100vw, 1320px\" \/><\/p>\n<p style=\"max-width: 920px; text-align: center;\"><strong>Procurando uma ideia de presente que com certeza vai agradar?<br \/>\nNosso cart\u00e3o-presente para uma noite em um chal\u00e9 \u00e9 o presente ideal!<\/strong><\/p>\n<p style=\"max-width: 920px; text-align: center;\">\nOfere\u00e7a um momento \u00fanico no cora\u00e7\u00e3o da Proven\u00e7a em um de nossos tr\u00eas chal\u00e9s de madeira de luxo localizados em Lafare, aos p\u00e9s das Dentelles de Montmirail, ou em nossa cabana de pedra proven\u00e7al, gra\u00e7as aos nossos cart\u00f5es-presente.<\/p>\n<p style=\"max-width: 920px; text-align: center;\">\nTem alguma d\u00favida ou ideia? Entre em contato conosco pelo telefone <a href=\"tel:+330786830818\" data-rich-text-format-boundary=\"true\">+33 (0) 7 86 83 08 18<\/a> ou clicando no link abaixo.<\/p>\n<p style=\"max-width: 920px; text-align: center;\"><a class=\"wp-block-button__link\" style=\"margin-bottom: 30px;\" href=\"https:\/\/cabanes-de-provence.com\/pt\/acesso-de-contato\/\">Contate-nos<\/a><\/p>\n<div class=\"wpec_shop_products\"><div class=\"wp-asp-post-grid wp-asp-grid\">\n\t\n\t<div id=\"wp-asp-members-list\">\n\t\t<div class=\"wp-asp-grid-row\"><div class=\"wp-asp-grid-item wp-asp-product-id-10454\">\n\t<div class=\"wp-asp-product-thumb\"><img decoding=\"async\" src=\"https:\/\/cabanes-de-provence.com\/wp-content\/uploads\/2021\/07\/Gift_card_product.png\"><\/div>\n\t<div class=\"wp-asp-product-price\">50,00\u20ac<\/div>\n\t<div class=\"wp-asp-product-name\">Cart\u00f5es-presente no valor de \u20ac50, \u20ac80 ou \u20ac100 para uma estadia de uma noite \u2013 Alojamentos e Cabanas de Luxo<\/div>\n\t<div class=\"wp-asp-view-product-btn\"><a href=\"https:\/\/cabanes-de-provence.com\/pt\/asp-products\/cartes-cadeaux-1-nuit-personnalisee\/\" class=\"wp-asp-view-product-lnk\"><button>View Item<\/button><\/a><\/div>\n<\/div>\n<div class=\"wp-asp-grid-item wp-asp-product-id-4207\">\n\t<div class=\"wp-asp-product-thumb\"><img decoding=\"async\" src=\"https:\/\/cabanes-de-provence.com\/wp-content\/uploads\/2021\/07\/Gift_card_product.png\"><\/div>\n\t<div class=\"wp-asp-product-price\">250,00\u20ac<\/div>\n\t<div class=\"wp-asp-product-name\">Vale-presente para uma noite \u2013 Lodges des Dentelles e Mont Ventoux<\/div>\n\t<div class=\"wp-asp-view-product-btn\"><a href=\"https:\/\/cabanes-de-provence.com\/pt\/asp-products\/carte-cadeau-1-nuit-dentelles-ventoux\/\" class=\"wp-asp-view-product-lnk\"><button>View Item<\/button><\/a><\/div>\n<\/div>\n<div class=\"wp-asp-grid-item wp-asp-product-id-10262\">\n\t<div class=\"wp-asp-product-thumb\"><img decoding=\"async\" src=\"https:\/\/cabanes-de-provence.com\/wp-content\/uploads\/2021\/07\/Gift_card_product.png\"><\/div>\n\t<div class=\"wp-asp-product-price\">230,00\u20ac<\/div>\n\t<div class=\"wp-asp-product-name\">Vale-presente para uma noite \u2013 Lodge Nid Perch\u00e9<\/div>\n\t<div class=\"wp-asp-view-product-btn\"><a href=\"https:\/\/cabanes-de-provence.com\/pt\/asp-products\/carte-cadeau-1-nuit-nid-perche\/\" class=\"wp-asp-view-product-lnk\"><button>View Item<\/button><\/a><\/div>\n<\/div>\n<\/div><div class=\"wp-asp-grid-row\"><div class=\"wp-asp-grid-item wp-asp-product-id-14689\">\n\t<div class=\"wp-asp-product-thumb\"><img decoding=\"async\" src=\"https:\/\/cabanes-de-provence.com\/wp-content\/uploads\/2021\/07\/Gift_card_product.png\"><\/div>\n\t<div class=\"wp-asp-product-price\">290,00\u20ac<\/div>\n\t<div class=\"wp-asp-product-name\">Vale-presente para uma noite \u2013 Lodge des Baronnies<\/div>\n\t<div class=\"wp-asp-view-product-btn\"><a href=\"https:\/\/cabanes-de-provence.com\/pt\/asp-products\/carte-cadeau-1-nuit-baronnies\/\" class=\"wp-asp-view-product-lnk\"><button>View Item<\/button><\/a><\/div>\n<\/div>\n<div class=\"wp-asp-grid-item wp-asp-product-id-10267\">\n\t<div class=\"wp-asp-product-thumb\"><img decoding=\"async\" src=\"https:\/\/cabanes-de-provence.com\/wp-content\/uploads\/2021\/07\/Gift_card_product.png\"><\/div>\n\t<div class=\"wp-asp-product-price\">180,00\u20ac<\/div>\n\t<div class=\"wp-asp-product-name\">Cart\u00e3o-presente para uma noite \u2013 Cabanon des Secrets<\/div>\n\t<div class=\"wp-asp-view-product-btn\"><a href=\"https:\/\/cabanes-de-provence.com\/pt\/asp-products\/carte-cadeau-1-nuit-cabanon\/\" class=\"wp-asp-view-product-lnk\"><button>View Item<\/button><\/a><\/div>\n<\/div>\n<div class=\"wp-asp-grid-item wp-asp-product-id-11923\">\n\t<div class=\"wp-asp-product-thumb\"><img decoding=\"async\" src=\"https:\/\/cabanes-de-provence.com\/wp-content\/uploads\/2026\/01\/Carte_cadeau_Privatisation_Cover4.png\"><\/div>\n\t<div class=\"wp-asp-product-price\">295,00\u20ac<\/div>\n\t<div class=\"wp-asp-product-name\">Cart\u00e3o-presente \u2013 Uso exclusivo da cabana por 3 horas<\/div>\n\t<div class=\"wp-asp-view-product-btn\"><a href=\"https:\/\/cabanes-de-provence.com\/pt\/asp-products\/carte-cadeau-privatisation-de-lodge-3h\/\" class=\"wp-asp-view-product-lnk\"><button>View Item<\/button><\/a><\/div>\n<\/div>\n<\/div>\n\t<\/div>\n\t\n<\/div>\n<\/div>\n<p><img decoding=\"async\" class=\"size-full wp-image-10292 aligncenter\" src=\"https:\/\/cabanes-de-provence.com\/wp-content\/uploads\/2024\/12\/Gift_card_Cabanes_Banner_Big.jpg\" alt=\"Cart\u00f5es-presente - Les Cabanes de Provence\" width=\"920\" height=\"623\" srcset=\"https:\/\/cabanes-de-provence.com\/wp-content\/uploads\/2024\/12\/Gift_card_Cabanes_Banner_Big.jpg 920w, https:\/\/cabanes-de-provence.com\/wp-content\/uploads\/2024\/12\/Gift_card_Cabanes_Banner_Big-300x203.jpg 300w, https:\/\/cabanes-de-provence.com\/wp-content\/uploads\/2024\/12\/Gift_card_Cabanes_Banner_Big-768x520.jpg 768w, https:\/\/cabanes-de-provence.com\/wp-content\/uploads\/2024\/12\/Gift_card_Cabanes_Banner_Big-18x12.jpg 18w\" sizes=\"(max-width: 920px) 100vw, 920px\" \/><\/p>","protected":false},"excerpt":{"rendered":"<p>Carte cadeau &#8211; Privatisation de lodge 3h Privatisation 3h [SPA 1h30, massage 1h et ap\u00e9ro d\u00eenatoire] Offrez un cadeau unique ! \u2014 Privatisation d\u2019un lodge de luxe en bois avec spa &amp; massages pour 2 personnes \u2014 &nbsp; Vous cherchez une id\u00e9e de cadeau qui fasse plaisir \u00e0 tous les coups ? Notre carte cadeau [&hellip;]<\/p>\n","protected":false},"author":1,"featured_media":0,"parent":0,"menu_order":0,"comment_status":"closed","ping_status":"closed","template":"","meta":{"inline_featured_image":false,"footnotes":""},"class_list":["post-1394","page","type-page","status-publish","hentry"],"jetpack_sharing_enabled":true,"_links":{"self":[{"href":"https:\/\/cabanes-de-provence.com\/pt\/wp-json\/wp\/v2\/pages\/1394","targetHints":{"allow":["GET"]}}],"collection":[{"href":"https:\/\/cabanes-de-provence.com\/pt\/wp-json\/wp\/v2\/pages"}],"about":[{"href":"https:\/\/cabanes-de-provence.com\/pt\/wp-json\/wp\/v2\/types\/page"}],"author":[{"embeddable":true,"href":"https:\/\/cabanes-de-provence.com\/pt\/wp-json\/wp\/v2\/users\/1"}],"replies":[{"embeddable":true,"href":"https:\/\/cabanes-de-provence.com\/pt\/wp-json\/wp\/v2\/comments?post=1394"}],"version-history":[{"count":24,"href":"https:\/\/cabanes-de-provence.com\/pt\/wp-json\/wp\/v2\/pages\/1394\/revisions"}],"predecessor-version":[{"id":13266,"href":"https:\/\/cabanes-de-provence.com\/pt\/wp-json\/wp\/v2\/pages\/1394\/revisions\/13266"}],"wp:attachment":[{"href":"https:\/\/cabanes-de-provence.com\/pt\/wp-json\/wp\/v2\/media?parent=1394"}],"curies":[{"name":"wp","href":"https:\/\/api.w.org\/{rel}","templated":true}]}}