{"id":15192,"date":"2021-07-21T12:58:05","date_gmt":"2021-07-21T10:58:05","guid":{"rendered":"https:\/\/cabanes-de-provence.com\/?page_id=15192"},"modified":"2026-01-08T11:51:37","modified_gmt":"2026-01-08T10:51:37","slug":"opcoes","status":"publish","type":"page","link":"https:\/\/cabanes-de-provence.com\/pt\/options\/","title":{"rendered":"Nossos servi\u00e7os sob demanda"},"content":{"rendered":"<p style=\"text-align: center;\">\n<p style=\"text-align: center;\">Oferecemos uma ampla gama de servi\u00e7os em domic\u00edlio, incluindo cabeleireiro, massagens californianas, recomenda\u00e7\u00f5es tur\u00edsticas, prepara\u00e7\u00e3o de caf\u00e9 da manh\u00e3 e entrega de produtos frescos.<\/p>\n<p style=\"text-align: center;\">Consulte-nos ou fa\u00e7a sua reserva diretamente online, escolhendo a op\u00e7\u00e3o desejada abaixo.<\/p>\n<\/p>\n\n\n<div class=\"wp-block-getwid-advanced-heading is-style-style-1\"><span class=\"wp-block-getwid-advanced-heading__content\" style=\"text-align:left\">SERVI\u00c7OS EM NOSSAS ALOJAMENTOS DE F\u00c9RIAS NA PROV\u00c9NCIA<\/span><\/div>\n\n\n\n<div class=\"wp-block-columns is-layout-flex wp-container-core-columns-is-layout-9d6595d7 wp-block-columns-is-layout-flex\">\n<div class=\"wp-block-column is-layout-flow wp-block-column-is-layout-flow\"><div id=\"paypal-container-3TZT79W4RSFDC\"><\/div><\/div>\n\n\n\n<div class=\"wp-block-column is-layout-flow wp-block-column-is-layout-flow\"><div id=\"paypal-container-H7CT9WDYN3VCU\"><\/div><\/div>\n\n\n\n<div class=\"wp-block-column is-layout-flow wp-block-column-is-layout-flow\"><div id=\"paypal-container-LV3A5T7P4RHTA\"><\/div><\/div>\n<\/div>","protected":false},"excerpt":{"rendered":"<p>Nous offrons de nombreux services \u00e0 domicile tels que des prestations coiffure, des modelages californiens, des recommandations touristiques ou encore la pr\u00e9paration de petits d\u00e9jeuners et la livraison de produits frais Consultez-nous ou r\u00e9server directement en ligne en choisissant vos options ci-dessous.<\/p>","protected":false},"author":1,"featured_media":0,"parent":0,"menu_order":0,"comment_status":"closed","ping_status":"closed","template":"template-front-page.php","meta":{"inline_featured_image":false,"footnotes":""},"class_list":["post-15192","page","type-page","status-publish","hentry"],"jetpack_sharing_enabled":true,"_links":{"self":[{"href":"https:\/\/cabanes-de-provence.com\/pt\/wp-json\/wp\/v2\/pages\/15192","targetHints":{"allow":["GET"]}}],"collection":[{"href":"https:\/\/cabanes-de-provence.com\/pt\/wp-json\/wp\/v2\/pages"}],"about":[{"href":"https:\/\/cabanes-de-provence.com\/pt\/wp-json\/wp\/v2\/types\/page"}],"author":[{"embeddable":true,"href":"https:\/\/cabanes-de-provence.com\/pt\/wp-json\/wp\/v2\/users\/1"}],"replies":[{"embeddable":true,"href":"https:\/\/cabanes-de-provence.com\/pt\/wp-json\/wp\/v2\/comments?post=15192"}],"version-history":[{"count":6,"href":"https:\/\/cabanes-de-provence.com\/pt\/wp-json\/wp\/v2\/pages\/15192\/revisions"}],"predecessor-version":[{"id":15217,"href":"https:\/\/cabanes-de-provence.com\/pt\/wp-json\/wp\/v2\/pages\/15192\/revisions\/15217"}],"wp:attachment":[{"href":"https:\/\/cabanes-de-provence.com\/pt\/wp-json\/wp\/v2\/media?parent=15192"}],"curies":[{"name":"wp","href":"https:\/\/api.w.org\/{rel}","templated":true}]}}