{"id":1705,"date":"2021-07-21T12:09:34","date_gmt":"2021-07-21T10:09:34","guid":{"rendered":"https:\/\/cabanes-de-provence.com\/?page_id=1705"},"modified":"2026-04-03T09:05:00","modified_gmt":"2026-04-03T07:05:00","slug":"avisos-legais","status":"publish","type":"page","link":"https:\/\/cabanes-de-provence.com\/pt\/mentions-legales\/","title":{"rendered":"pol\u00edtica de Privacidade"},"content":{"rendered":"<p><strong><strong>As Cabanes de Provence s\u00e3o compostas por quatro chal\u00e9s de madeira de luxo localizados nas vilas de Lafare e Plaisians, e uma charmosa cabana proven\u00e7al situada na vila de La Roque-sur-Pernes.<\/strong><\/strong><\/p>\n\n\n\n<p>A edi\u00e7\u00e3o e a gest\u00e3o da publica\u00e7\u00e3o do site www.cabanes-de-provence.com s\u00e3o da responsabilidade do seu representante, conforme detalhado abaixo:<\/p>\n\n\n\n<p><br>Casta \u2013 Mouries SAS<br>20 Route de Saumane,<br>84210 La Roque-sur-Pernes,<br>Fran\u00e7a<\/p>\n\n\n\n<p>Tel.: +33 (0) 7 86 83 08 18<\/p>\n\n\n\n<p>Esta pol\u00edtica de privacidade explica como nossa organiza\u00e7\u00e3o utiliza os dados pessoais que coletamos quando voc\u00ea usa nosso site.<\/p>\n\n\n\n<p>Os t\u00f3picos:<\/p>\n\n\n\n<ul class=\"wp-block-list\">\n<li>Que dados coletamos?<\/li>\n\n\n\n<li>Como coletamos seus dados?<\/li>\n\n\n\n<li>Como utilizaremos seus dados?<\/li>\n\n\n\n<li>Como armazenamos seus dados?<\/li>\n\n\n\n<li>Marketing<\/li>\n\n\n\n<li>Quais s\u00e3o os seus direitos de prote\u00e7\u00e3o de dados?<\/li>\n\n\n\n<li>O que s\u00e3o cookies?<\/li>\n\n\n\n<li>Como utilizamos cookies?<\/li>\n\n\n\n<li>Que tipos de cookies utilizamos?<\/li>\n\n\n\n<li>Como gerenciar seus cookies<\/li>\n\n\n\n<li>Pol\u00edticas de privacidade de outros sites<\/li>\n\n\n\n<li>Altera\u00e7\u00f5es \u00e0 nossa pol\u00edtica de privacidade<\/li>\n\n\n\n<li>Como entrar em contato conosco<\/li>\n\n\n\n<li>Como entrar em contato com as autoridades competentes<\/li>\n<\/ul>\n\n\n\n<h4 class=\"wp-block-heading\">Que dados coletamos?<\/h4>\n\n\n\n<p>Nossa empresa coleta os seguintes dados:<\/p>\n\n\n\n<ul class=\"wp-block-list\">\n<li>Informa\u00e7\u00f5es de identifica\u00e7\u00e3o pessoal (nome, endere\u00e7o de e-mail, n\u00famero de telefone, etc.)<\/li>\n\n\n\n<li>Cookies do navegador<\/li>\n<\/ul>\n\n\n\n<h4 class=\"wp-block-heading\">Como coletamos seus dados?<\/h4>\n\n\n\n<p>A maior parte dos dados que coletamos \u00e9 fornecida diretamente \u00e0 nossa empresa por voc\u00ea. Coletamos e processamos dados quando voc\u00ea:<\/p>\n\n\n\n<ul class=\"wp-block-list\">\n<li>Cadastre-se online ou fa\u00e7a um pedido de um de nossos produtos ou servi\u00e7os.<\/li>\n\n\n\n<li>Responda voluntariamente a uma pesquisa de satisfa\u00e7\u00e3o do cliente ou forne\u00e7a feedback em um de nossos f\u00f3runs eletr\u00f4nicos ou por e-mail.<\/li>\n\n\n\n<li>Utilize ou visualize nosso site atrav\u00e9s dos cookies do seu navegador.<\/li>\n<\/ul>\n\n\n\n<p>Nossa empresa tamb\u00e9m pode receber seus dados indiretamente da seguinte fonte:<\/p>\n\n\n\n<ul class=\"wp-block-list\">\n<li>Plataformas de m\u00eddia social<\/li>\n<\/ul>\n\n\n\n<h4 class=\"wp-block-heading\">Como utilizaremos seus dados?<\/h4>\n\n\n\n<p>Nossa empresa coleta seus dados para que possamos:<\/p>\n\n\n\n<ul class=\"wp-block-list\">\n<li>Processar seu pedido, suas solicita\u00e7\u00f5es e gerenciar sua conta.<\/li>\n\n\n\n<li>Para lhe enviar ofertas especiais por e-mail sobre outros produtos e servi\u00e7os que achamos que possam lhe interessar.<\/li>\n<\/ul>\n\n\n\n<p>Ao processar seu pedido, nossa empresa poder\u00e1 enviar seus dados para ag\u00eancias de an\u00e1lise de cr\u00e9dito e usar as informa\u00e7\u00f5es resultantes para prevenir compras fraudulentas.<\/p>\n\n\n\n<h4 class=\"wp-block-heading\">Como armazenamos seus dados?<\/h4>\n\n\n\n<p>Nossa empresa armazena seus dados com seguran\u00e7a no servidor do nosso site.<\/p>\n\n\n\n<h4 class=\"wp-block-heading\">Marketing<\/h4>\n\n\n\n<p>Nossa empresa gostaria de lhe enviar informa\u00e7\u00f5es sobre nossos produtos e servi\u00e7os que acreditamos serem do seu interesse.<\/p>\n\n\n\n<p>Se voc\u00ea concordou em receber comunica\u00e7\u00f5es de marketing, poder\u00e1 cancelar a assinatura a qualquer momento.<\/p>\n\n\n\n<p>Voc\u00ea tem o direito de, a qualquer momento, impedir que nossa empresa entre em contato com voc\u00ea para fins de marketing ou compartilhe seus dados com outros membros de nossa rede.<\/p>\n\n\n\n<p>Caso n\u00e3o deseje mais receber comunica\u00e7\u00f5es de marketing, envie-nos um e-mail para o endere\u00e7o mencionado abaixo.<\/p>\n\n\n\n<h4 class=\"wp-block-heading\">Quais s\u00e3o os seus direitos de prote\u00e7\u00e3o de dados?<\/h4>\n\n\n\n<p>Nossa empresa deseja garantir que voc\u00ea esteja plenamente ciente de todos os seus direitos de prote\u00e7\u00e3o de dados. Todo usu\u00e1rio tem direito aos seguintes benef\u00edcios:<\/p>\n\n\n\n<p><strong>O direito de acesso<\/strong> Voc\u00ea tem o direito de solicitar c\u00f3pias dos seus dados pessoais \u00e0 nossa empresa. Poderemos cobrar uma pequena taxa por este servi\u00e7o.<\/p>\n\n\n\n<p><strong>O direito de retifica\u00e7\u00e3o<\/strong> Voc\u00ea tem o direito de solicitar \u00e0 nossa empresa a corre\u00e7\u00e3o de qualquer informa\u00e7\u00e3o que considere imprecisa. Voc\u00ea tamb\u00e9m tem o direito de solicitar \u00e0 nossa empresa que complete qualquer informa\u00e7\u00e3o que considere incompleta.<\/p>\n\n\n\n<p><strong>O direito ao apagamento<\/strong> \u2013 Voc\u00ea tem o direito de solicitar \u00e0 nossa empresa a exclus\u00e3o dos seus dados pessoais, sob certas condi\u00e7\u00f5es.<\/p>\n\n\n\n<p><strong>O direito de restringir o processamento<\/strong> \u2013 Voc\u00ea tem o direito de solicitar \u00e0 nossa empresa que restrinja o processamento dos seus dados pessoais, sob certas condi\u00e7\u00f5es.<\/p>\n\n\n\n<p><strong>O direito de se opor ao processamento<\/strong> \u2013 Voc\u00ea tem o direito de se opor ao processamento dos seus dados pessoais pela nossa empresa, sob certas condi\u00e7\u00f5es.<\/p>\n\n\n\n<p><strong>O direito \u00e0 portabilidade de dados<\/strong> \u2013 Voc\u00ea tem o direito de solicitar que nossa empresa transfira os dados que coletamos para outra organiza\u00e7\u00e3o ou diretamente para voc\u00ea, sob certas condi\u00e7\u00f5es.<\/p>\n\n\n\n<p>Se voc\u00ea fizer uma solicita\u00e7\u00e3o, temos um m\u00eas para respond\u00ea-la. Caso deseje exercer algum desses direitos, entre em contato conosco pelo nosso endere\u00e7o de e-mail: <a href=\"mailto:contact@artemisandco.net\"><a href=\"mailto:contact@cabanes-de-provence.com\">contact@cabanes-de-provence.com<\/a><\/a><\/p>\n\n\n\n<p>Ligue para n\u00f3s: +33 (0) 7 86 83 08 18<br>Ou escreva-nos para: 20 Route de Saumane, 84210 La Roque-sur-Pernes, Fran\u00e7a<\/p>\n\n\n\n<h4 class=\"wp-block-heading\">Cookies<\/h4>\n\n\n\n<p>Os cookies s\u00e3o arquivos de texto armazenados no seu computador para coletar informa\u00e7\u00f5es padr\u00e3o de registro na internet e informa\u00e7\u00f5es sobre o comportamento do visitante. Quando voc\u00ea visita nossos sites, podemos coletar automaticamente informa\u00e7\u00f5es sobre voc\u00ea por meio de cookies ou tecnologias semelhantes.<\/p>\n\n\n\n<p>Para obter mais informa\u00e7\u00f5es, visite nossa p\u00e1gina. <a href=\"https:\/\/cabanes-de-provence.com\/pt\/politica-de-cookies-da-ue\/\">Pol\u00edtica de Cookies<\/a> ou allaboutcookies.org.<\/p>\n\n\n\n<h4 class=\"wp-block-heading\">Como utilizamos cookies?<\/h4>\n\n\n\n<p>Nossa empresa utiliza cookies de diversas maneiras para melhorar sua experi\u00eancia em nosso site, incluindo:<\/p>\n\n\n\n<ul class=\"wp-block-list\">\n<li>Mantenha-se conectado<\/li>\n\n\n\n<li>Entendendo como voc\u00ea usa nosso site<\/li>\n<\/ul>\n\n\n\n<h4 class=\"wp-block-heading\">Que tipos de cookies utilizamos?<\/h4>\n\n\n\n<p>Existem diferentes tipos de cookies; no entanto, nosso site utiliza:<\/p>\n\n\n\n<ul class=\"wp-block-list\">\n<li>Funcionalidade \u2013 Nossa empresa utiliza esses cookies para reconhec\u00ea-lo em nosso site e para lembrar suas prefer\u00eancias selecionadas anteriormente. Isso pode incluir seu idioma preferido e sua localiza\u00e7\u00e3o. Utilizamos uma combina\u00e7\u00e3o de cookies pr\u00f3prios e de terceiros.<\/li>\n\n\n\n<li>Publicidade \u2013 Nossa empresa utiliza esses cookies para coletar informa\u00e7\u00f5es sobre sua visita ao nosso site, o conte\u00fado que voc\u00ea visualizou, os links que voc\u00ea clicou e informa\u00e7\u00f5es sobre seu navegador, dispositivo e endere\u00e7o IP. Nossa empresa ocasionalmente compartilha aspectos limitados desses dados com terceiros para fins publicit\u00e1rios. Tamb\u00e9m podemos compartilhar dados online coletados por meio de cookies com nossos parceiros de publicidade. Isso significa que, ao visitar outro site, an\u00fancios poder\u00e3o ser exibidos com base em seus h\u00e1bitos de navega\u00e7\u00e3o em nosso site.<\/li>\n<\/ul>\n\n\n\n<h4 class=\"wp-block-heading\">Como gerenciar cookies<\/h4>\n\n\n\n<p>Voc\u00ea pode configurar seu navegador para rejeitar cookies, e o site acima explica como excluir cookies do seu navegador. No entanto, em alguns casos, certos recursos do nosso site podem n\u00e3o funcionar corretamente.<\/p>\n\n\n\n<h4 class=\"wp-block-heading\">Pol\u00edticas de privacidade de outros sites<\/h4>\n\n\n\n<p>O site da nossa empresa cont\u00e9m links para outros sites. Nossa pol\u00edtica de privacidade se aplica somente ao nosso site; portanto, se voc\u00ea clicar em um link para outro site, dever\u00e1 ler a pol\u00edtica de privacidade desse site.<\/p>\n\n\n\n<h4 class=\"wp-block-heading\">Altera\u00e7\u00f5es \u00e0 nossa pol\u00edtica de privacidade<\/h4>\n\n\n\n<p>Nossa empresa revisa regularmente sua pol\u00edtica de privacidade e publica todas as atualiza\u00e7\u00f5es nesta p\u00e1gina da web.<\/p>\n\n\n\n<h4 class=\"wp-block-heading\">Como entrar em contato conosco<\/h4>\n\n\n\n<p>Caso tenha alguma d\u00favida sobre a pol\u00edtica de privacidade da nossa empresa, os dados que mantemos sobre voc\u00ea ou se desejar exercer algum dos seus direitos de prote\u00e7\u00e3o de dados, n\u00e3o hesite em nos contatar.<\/p>\n\n\n\n<p>Escreva-nos para: <a href=\"mailto:contact@artemisandco.net\"><a href=\"mailto:contact@cabanes-de-provence.com\">contact@cabanes-de-provence.com<\/a><\/a><br><\/p>\n\n\n\n<p>Ligue para n\u00f3s: +33 (0) 7 86 83 08 18<br>Ou escreva-nos para: 20 Route de Saumane, 84210 La Roque-sur-Pernes, Fran\u00e7a<\/p>\n\n\n\n<h4 class=\"wp-block-heading\">Como entrar em contato com a autoridade competente<\/h4>\n\n\n\n<p>Caso deseje apresentar uma reclama\u00e7\u00e3o ou considere que a nossa empresa n\u00e3o resolveu a sua quest\u00e3o de forma satisfat\u00f3ria, pode contactar o Gabinete do Comiss\u00e1rio para a Informa\u00e7\u00e3o.<\/p>\n\n\n\n<p>E-mail: <a href=\"mailto:contact@cabanes-de-provence.com\">contact@cabanes-de-provence.com<\/a><br>Endere\u00e7o: 20 Route de Saumane, 84210 La Roque-sur-Pernes, Fran\u00e7a<\/p>","protected":false},"excerpt":{"rendered":"<p>Les Cabanes de Provence se composent de quatre lodges de luxe en bois situ\u00e9s dans les villages de Lafare et de Plaisians et d\u2019un charmant cabanon proven\u00e7al nich\u00e9 dans le village de La Roque-sur-Pernes. L\u2019\u00e9dition et la direction de la publication du site www.cabanes-de-provence.com sont assur\u00e9es par son repr\u00e9sentant comme d\u00e9taill\u00e9 ci-dessous : Caste \u2013 [&hellip;]<\/p>\n","protected":false},"author":1,"featured_media":0,"parent":0,"menu_order":0,"comment_status":"closed","ping_status":"closed","template":"","meta":{"inline_featured_image":false,"footnotes":""},"class_list":["post-1705","page","type-page","status-publish","hentry"],"jetpack_sharing_enabled":true,"_links":{"self":[{"href":"https:\/\/cabanes-de-provence.com\/pt\/wp-json\/wp\/v2\/pages\/1705","targetHints":{"allow":["GET"]}}],"collection":[{"href":"https:\/\/cabanes-de-provence.com\/pt\/wp-json\/wp\/v2\/pages"}],"about":[{"href":"https:\/\/cabanes-de-provence.com\/pt\/wp-json\/wp\/v2\/types\/page"}],"author":[{"embeddable":true,"href":"https:\/\/cabanes-de-provence.com\/pt\/wp-json\/wp\/v2\/users\/1"}],"replies":[{"embeddable":true,"href":"https:\/\/cabanes-de-provence.com\/pt\/wp-json\/wp\/v2\/comments?post=1705"}],"version-history":[{"count":2,"href":"https:\/\/cabanes-de-provence.com\/pt\/wp-json\/wp\/v2\/pages\/1705\/revisions"}],"predecessor-version":[{"id":16026,"href":"https:\/\/cabanes-de-provence.com\/pt\/wp-json\/wp\/v2\/pages\/1705\/revisions\/16026"}],"wp:attachment":[{"href":"https:\/\/cabanes-de-provence.com\/pt\/wp-json\/wp\/v2\/media?parent=1705"}],"curies":[{"name":"wp","href":"https:\/\/api.w.org\/{rel}","templated":true}]}}