{"id":9567,"date":"2019-06-11T08:50:00","date_gmt":"2019-06-11T06:50:00","guid":{"rendered":"https:\/\/cabanes-de-provence.com\/?page_id=9567"},"modified":"2024-10-07T16:23:02","modified_gmt":"2024-10-07T14:23:02","slug":"alojamento-em-forma-de-ninho-empoleirado","status":"publish","type":"page","link":"https:\/\/cabanes-de-provence.com\/pt\/accueil\/lodge-nid-perche\/","title":{"rendered":"O Lodge Nid Perch\u00e9"},"content":{"rendered":"<p>Acabamos de construir um novo chal\u00e9, o Perched Nest! Este chal\u00e9 de madeira de luxo foi projetado para receber casais ou grupos de amigos que sonham com amplos espa\u00e7os abertos e imers\u00e3o na natureza, sem abrir m\u00e3o do conforto.<\/p>\n\n\n\n<div class=\"wp-block-buttons is-layout-flex wp-block-buttons-is-layout-flex\">\n<div class=\"wp-block-button\"><a class=\"wp-block-button__link wp-element-button\" href=\"https:\/\/cabanes-de-provence.com\/pt\/alojamento\/alojamento-em-forma-de-ninho-empoleirado\/\">DESCUBRA O TREE-NECK LODGE<\/a><\/div>\n<\/div>\n\n\n\n<p><\/p>","protected":false},"excerpt":{"rendered":"<p>Acabamos de construir um novo chal\u00e9, o Perched Nest! Este chal\u00e9 de madeira de luxo foi projetado para receber casais ou grupos de amigos que sonham com amplos espa\u00e7os abertos e imers\u00e3o na natureza, sem abrir m\u00e3o do conforto.<\/p>","protected":false},"author":1,"featured_media":9571,"parent":1028,"menu_order":0,"comment_status":"closed","ping_status":"closed","template":"","meta":{"inline_featured_image":false,"footnotes":""},"class_list":["post-9567","page","type-page","status-publish","has-post-thumbnail","hentry"],"jetpack_sharing_enabled":true,"_links":{"self":[{"href":"https:\/\/cabanes-de-provence.com\/pt\/wp-json\/wp\/v2\/pages\/9567","targetHints":{"allow":["GET"]}}],"collection":[{"href":"https:\/\/cabanes-de-provence.com\/pt\/wp-json\/wp\/v2\/pages"}],"about":[{"href":"https:\/\/cabanes-de-provence.com\/pt\/wp-json\/wp\/v2\/types\/page"}],"author":[{"embeddable":true,"href":"https:\/\/cabanes-de-provence.com\/pt\/wp-json\/wp\/v2\/users\/1"}],"replies":[{"embeddable":true,"href":"https:\/\/cabanes-de-provence.com\/pt\/wp-json\/wp\/v2\/comments?post=9567"}],"version-history":[{"count":6,"href":"https:\/\/cabanes-de-provence.com\/pt\/wp-json\/wp\/v2\/pages\/9567\/revisions"}],"predecessor-version":[{"id":9595,"href":"https:\/\/cabanes-de-provence.com\/pt\/wp-json\/wp\/v2\/pages\/9567\/revisions\/9595"}],"up":[{"embeddable":true,"href":"https:\/\/cabanes-de-provence.com\/pt\/wp-json\/wp\/v2\/pages\/1028"}],"wp:featuredmedia":[{"embeddable":true,"href":"https:\/\/cabanes-de-provence.com\/pt\/wp-json\/wp\/v2\/media\/9571"}],"wp:attachment":[{"href":"https:\/\/cabanes-de-provence.com\/pt\/wp-json\/wp\/v2\/media?parent=9567"}],"curies":[{"name":"wp","href":"https:\/\/api.w.org\/{rel}","templated":true}]}}